{"id":23,"date":"2013-11-24T17:01:43","date_gmt":"2013-11-24T17:01:43","guid":{"rendered":"https:\/\/quianenergy.com\/?page_id=23"},"modified":"2025-11-14T18:23:01","modified_gmt":"2025-11-14T18:23:01","slug":"contacto","status":"publish","type":"page","link":"https:\/\/quianenergy.com\/index.php\/contacto\/","title":{"rendered":"Contacto"},"content":{"rendered":"<h3>QUIANENERGY INGENIEROS<\/h3>\n<div>\n<p>Certificaciones de Eficiencia Energ\u00e9tica<\/p>\n<p>Contacta y resuelve las dudas que tengas.<\/p>\n<p>Tel\u00e9fonos:<br \/>\n<a href=\"tel:+34606573718\">+34 606 57 37 18<\/a><\/p>\n<p>Email:\u00a0<a href=\"mailto:quianenergy@gmail.com\">quianenergy@gmail.com<\/a><\/p>\n<h3>LOCALIZACION<\/h3>\n<p>Disponemos de delegaciones en las siguientes ciudades de la provincia de A Coru\u00f1a, y sus alrededores:<\/p>\n<p>A Coru\u00f1a<\/p>\n<p>Santiago de Compostela<\/p>\n<p>Vigo<\/p>\n<p>Santa Uxia de Riveira<\/p>\n<p>A Pobra do Carami\u00f1al<\/p>\n<p>Boiro<\/p>\n<p>Padr\u00f3n<\/p>\n<p>Puedes llamarnos para todo tipo de trabajos de certificaci\u00f3n en toda la comunidad aut\u00f3noma Gallega<\/p>\n<\/div>\n","protected":false},"excerpt":{"rendered":"<p>QUIANENERGY INGENIEROS Certificaciones de Eficiencia Energ\u00e9tica Contacta y resuelve las dudas que tengas. Tel\u00e9fonos: +34 606 57 37 18 Email:\u00a0quianenergy@gmail.com LOCALIZACION Disponemos de delegaciones en las siguientes ciudades de la provincia de A Coru\u00f1a, y sus alrededores: A Coru\u00f1a Santiago de Compostela Vigo Santa Uxia de Riveira A Pobra do Carami\u00f1al Boiro Padr\u00f3n Puedes llamarnos para todo tipo de trabajos de certificaci\u00f3n en toda la comunidad aut\u00f3noma Gallega<\/p>\n","protected":false},"author":1,"featured_media":0,"parent":0,"menu_order":0,"comment_status":"open","ping_status":"open","template":"","meta":{"footnotes":""},"class_list":["post-23","page","type-page","status-publish","hentry"],"_links":{"self":[{"href":"https:\/\/quianenergy.com\/index.php\/wp-json\/wp\/v2\/pages\/23","targetHints":{"allow":["GET"]}}],"collection":[{"href":"https:\/\/quianenergy.com\/index.php\/wp-json\/wp\/v2\/pages"}],"about":[{"href":"https:\/\/quianenergy.com\/index.php\/wp-json\/wp\/v2\/types\/page"}],"author":[{"embeddable":true,"href":"https:\/\/quianenergy.com\/index.php\/wp-json\/wp\/v2\/users\/1"}],"replies":[{"embeddable":true,"href":"https:\/\/quianenergy.com\/index.php\/wp-json\/wp\/v2\/comments?post=23"}],"version-history":[{"count":2,"href":"https:\/\/quianenergy.com\/index.php\/wp-json\/wp\/v2\/pages\/23\/revisions"}],"predecessor-version":[{"id":152,"href":"https:\/\/quianenergy.com\/index.php\/wp-json\/wp\/v2\/pages\/23\/revisions\/152"}],"wp:attachment":[{"href":"https:\/\/quianenergy.com\/index.php\/wp-json\/wp\/v2\/media?parent=23"}],"curies":[{"name":"wp","href":"https:\/\/api.w.org\/{rel}","templated":true}]}}